{"id":1054,"date":"2023-11-17T00:16:02","date_gmt":"2023-11-17T00:16:02","guid":{"rendered":"https:\/\/newstaging.ecowater.com\/well-water\/"},"modified":"2024-02-08T16:21:16","modified_gmt":"2024-02-08T16:21:16","slug":"well-water","status":"publish","type":"page","link":"https:\/\/newstaging.ecowater.com\/fr\/shopping-guide-fr\/well-water\/","title":{"rendered":"Eau de puits"},"content":{"rendered":"\n<section class=\"inner-banner\">\n\t\t<img loading=\"lazy\" decoding=\"async\" width=\"1431\" height=\"461\" src=\"https:\/\/newstaging.ecowater.com\/wp-content\/uploads\/2024\/01\/banner_private-well.jpg\" class=\"banner-bg-img w-100 h-100 position-absolute\" alt=\"A man, woman, and young girl smiling with clear glasses of water.\" data-aos=\"fade-in\" srcset=\"https:\/\/newstaging.ecowater.com\/wp-content\/uploads\/2024\/01\/banner_private-well.jpg 1431w, https:\/\/newstaging.ecowater.com\/wp-content\/uploads\/2024\/01\/banner_private-well-300x97.jpg 300w, https:\/\/newstaging.ecowater.com\/wp-content\/uploads\/2024\/01\/banner_private-well-1024x330.jpg 1024w, https:\/\/newstaging.ecowater.com\/wp-content\/uploads\/2024\/01\/banner_private-well-768x247.jpg 768w\" sizes=\"auto, (max-width: 1431px) 100vw, 1431px\" \/>\t\t\t<div class=\"container\">\n\t\t\t<div class=\"row\">\n\t\t\t\t<div class=\"col-12\">\n\t\t\t\t\t<div class=\"banner-content text-center z-index-up position-relative\" data-aos=\"fade-in\">\n\t\t\t\t\t\t<h1 class=\"pre-heading\">Comprendre votre puits priv\u00e9<\/h1>\n<h2 class=\"h1\">Consid\u00e9rations et syst\u00e8mes de traitement de l\u2019eau uniques pour les propri\u00e9taires de puits priv\u00e9s<\/h2>\n\t\t\t\t\t<\/div>\n\t\t\t\t<\/div>\n\t\t\t<\/div>\n\t\t<\/div>\n\t<\/section>\n\n\n\n<section class=\"alternating-content\">\n\t\t<div class=\"container-lg\">\n\t\t<div class=\"row\">\n\t\t\t<div class=\"col-md-8 mb-lg-0 mb-4 d-flex align-items-center\"\n\t\t\t\t data-aos=\"fade-in\">\n\t\t\t\t<div class=\"alt-content-wrap\">\n\t\t\t\t\t<p>Votre eau peut contenir des contaminants ind\u00e9sirables bien que vous ne puissiez pas toujours les voir, les sentir ou les go\u00fbter. G\u00e9rer l\u2019eau d\u2019un puits priv\u00e9 pour s\u2019assurer qu\u2019elle est propre et s\u00fbre pour vous et votre famille peut repr\u00e9senter un d\u00e9fi, car chaque puits est unique et ce qui se trouve dans votre puits peut diff\u00e9rer de ce que contient celui de votre voisin. EcoWater vous offre une couverture compl\u00e8te, allant du test de votre eau par un professionnel \u00e0 la fourniture d\u2019un diagnostic et d\u2019un traitement pour vous assurer d\u2019avoir la solution exacte adapt\u00e9e aux besoins en eau de votre maison.<\/p>\n\t\t\t\t\t\t\t\t\t\t\t<a class=\"btn btn-primary\" href=\"#dealer-contact\"\n\t\t\t\t\t\t   target=\"_self\">Contact et professionnel EcoWater<\/a>\n\t\t\t\t\t\t\t\t\t\t\t\t\t\t<\/div>\n\t\t\t<\/div>\n\t\t\t<div class=\"col-md-4 text-center justify-content-center\" data-aos=\"fade-in\">\n\t\t\t\t<img loading=\"lazy\" decoding=\"async\" width=\"712\" height=\"470\" src=\"https:\/\/newstaging.ecowater.com\/wp-content\/uploads\/2024\/01\/Problem-Water-Inset.jpg\" class=\"rounded-half\" alt=\"An Ecowater dealer speaking with a woman.\" srcset=\"https:\/\/newstaging.ecowater.com\/wp-content\/uploads\/2024\/01\/Problem-Water-Inset.jpg 712w, https:\/\/newstaging.ecowater.com\/wp-content\/uploads\/2024\/01\/Problem-Water-Inset-300x198.jpg 300w\" sizes=\"auto, (max-width: 712px) 100vw, 712px\" \/>\t\t\t<\/div>\n\t\t<\/div>\n\t<\/div>\n<\/section>\n\n\n\n<section class=\"plain-text\">\n\t\t<div class=\"container-lg\">\n\t\t<div class=\"row\">\n\t\t\t<div class=\"col-12\" data-aos=\"fade-in\">\n\t\t\t\t<h2>Principes fondamentaux de l\u2019eau de puits<\/h2>\n<p>Contrairement \u00e0 l\u2019eau municipale, l\u2019eau de puits n\u2019est pas test\u00e9e, sauf si vous choisissez de le faire, et il n\u2019existe pas de r\u00e9glementations gouvernementales ou de crit\u00e8res pour garantir que l\u2019eau de votre maison r\u00e9pond \u00e0 vos normes de qualit\u00e9 ou de s\u00e9curit\u00e9. Avec l\u2019eau de puits, gardez \u00e0 l\u2019esprit les points suivants:<\/p>\n<ul>\n<li>L\u2019eau de votre domicile peut \u00eatre contamin\u00e9e par des activit\u00e9s humaines et des sources naturelles<\/li>\n<li>Vous \u00eates responsable de la s\u00e9curit\u00e9 de votre eau<\/li>\n<li>Les contaminants peuvent infiltrer votre puits par l\u2019entremise du mouvement des eaux souterraines, les infiltrations ou les ruissellements<\/li>\n<li>Certains contaminants peuvent avoir des effets n\u00e9gatifs sur votre sant\u00e9<\/li>\n<\/ul>\n<p>Un expert en traitement de l\u2019eau peut vous renseigner sur les probl\u00e8mes de contamination courants dans votre communaut\u00e9 ou r\u00e9gion g\u00e9ographique.<\/p>\n\t\t\t<\/div>\n\t\t<\/div>\n\t<\/div>\n<\/section>\n\n\n\n<section class=\"blue-cta\">\n\t\t<div class=\"blue-half\"><\/div>\n\t<div class=\"image-half d-none d-md-block\">\n\t\t<img loading=\"lazy\" decoding=\"async\" width=\"881\" height=\"430\" src=\"https:\/\/newstaging.ecowater.com\/wp-content\/uploads\/2024\/01\/cta-home-water-test.jpg\" class=\"attachment-full size-full\" alt=\"An EcoWater dealer pouring liquid from one tube to another.\" srcset=\"https:\/\/newstaging.ecowater.com\/wp-content\/uploads\/2024\/01\/cta-home-water-test.jpg 881w, https:\/\/newstaging.ecowater.com\/wp-content\/uploads\/2024\/01\/cta-home-water-test-300x146.jpg 300w, https:\/\/newstaging.ecowater.com\/wp-content\/uploads\/2024\/01\/cta-home-water-test-768x375.jpg 768w\" sizes=\"auto, (max-width: 881px) 100vw, 881px\" \/>\t<\/div>\n\t<div class=\"container-lg\">\n\t\t<div class=\"row\">\n\t\t\t<div class=\"col-md-6\">\n\t\t\t\t<div class=\"copy\" data-aos=\"fade-in\">\n\t\t\t\t\t<h2>Faites analyser votre eau de puits<\/h2>\n<p>Ne laissez rien au hasard en ce qui concerne l\u2019eau de votre maison et son influence sur votre sant\u00e9. Si vous disposez d\u2019un puits priv\u00e9 qui n\u2019a jamais \u00e9t\u00e9 v\u00e9rifi\u00e9, faites examiner votre eau de puits par un expert pour un diagnostic complet et la recommandation d\u2019une solution durable.<\/p>\n\t\t\t\t<\/div>\n\t\t\t\t<a class=\"mt-4 btn btn-secondary\" data-aos=\"fade-in\" href=\"#dealer-contact\" >Commencez<\/a>\t\t\t<\/div>\n\t\t<\/div>\n\t<\/div>\n<\/section>\n\n\n\n<section class=\"alternating-content\">\n\t\t<div class=\"container-lg\">\n\t\t<div class=\"row\">\n\t\t\t<div class=\"col-md-8 mb-lg-0 mb-4 d-flex align-items-center\"\n\t\t\t\t data-aos=\"fade-in\">\n\t\t\t\t<div class=\"alt-content-wrap\">\n\t\t\t\t\t<h2>Contamination de l\u2019eau de puits et des eaux souterraines<\/h2>\n<p>Que l\u2019eau de votre puits contienne des contaminants naturels ou dus \u00e0 l\u2019activit\u00e9 humaine, ou une combinaison des deux, des solutions existent pour b\u00e9n\u00e9ficier d\u2019une eau plus propre et plus s\u00fbre pour votre famille et vous.  De nombreux contaminants alt\u00e8rent uniquement le go\u00fbt ou l\u2019odeur, mais certains peuvent nuire \u00e0 votre sant\u00e9.  Comprendre la composition de l\u2019eau de votre puits vous permet d\u2019avoir l\u2019esprit tranquille. Parmi les exemples de contamination de l\u2019eau potentiellement dangereuse, on trouve:<\/p>\n<ul>\n<li>Bact\u00e9ries, virus et autres types de micro-organismes<\/li>\n<li>Produits chimiques organiques tels que les pesticides, les produits pharmaceutiques et les mastics<\/li>\n<li>M\u00e9taux lourds comprenant l\u2019arsenic, le cadmium, le cuivre et le plomb<\/li>\n<li>Nitrate qui, en grandes quantit\u00e9s, est connu pour provoquer un essoufflement ou une coloration bleue de la peau chez les nourrissons<\/li>\n<\/ul>\n\t\t\t\t\t\t\t\t\t\t\t<a class=\"btn btn-primary\" href=\"https:\/\/newstaging.ecowater.com\/fr\/shopping-guide-fr\/water-contaminants-guide\/\"\n\t\t\t\t\t\t   target=\"_self\">En savoir plus<\/a>\n\t\t\t\t\t\t\t\t\t\t\t\t\t\t<\/div>\n\t\t\t<\/div>\n\t\t\t<div class=\"col-md-4 text-center justify-content-center\" data-aos=\"fade-in\">\n\t\t\t\t<img loading=\"lazy\" decoding=\"async\" width=\"356\" height=\"236\" src=\"https:\/\/newstaging.ecowater.com\/wp-content\/uploads\/2023\/12\/Mask-group-10.png\" class=\"\" alt=\"A hand holding a beaker of dirty water\" srcset=\"https:\/\/newstaging.ecowater.com\/wp-content\/uploads\/2023\/12\/Mask-group-10.png 356w, https:\/\/newstaging.ecowater.com\/wp-content\/uploads\/2023\/12\/Mask-group-10-300x199.png 300w\" sizes=\"auto, (max-width: 356px) 100vw, 356px\" \/>\t\t\t<\/div>\n\t\t<\/div>\n\t<\/div>\n<\/section>\n\n\n\n<section class=\"contact-form mb-0 bg-video-section\" id=\"dealer-contact\">\n\t\t<video data-aos=\"fade-in\" class=\"background-video d-block w-100 lazy\" loop autoplay playsinline muted><source data-src=\"https:\/\/newstaging.ecowater.com\/wp-content\/uploads\/2023\/12\/GettyImages-1041108162_4.mp4\" type=\"video\/mp4\"><\/video>\t<div class=\"container-lg\">\n\t\t<div class=\"row\">\n\t\t\t\t\t\t\t<div class=\"col-md-4 mb-4\" data-aos=\"fade-in\">\n\t\t\t\t\t<h2>Profitez de notre expertise<\/h2>\n<p>Fournissez les informations suivantes pour qu\u2019EcoWater puisse am\u00e9liorer le go\u00fbt et la qualit\u00e9 de l\u2019eau de votre domicile.<\/p>\n\t\t\t\t<\/div>\n\t\t\t\t\t\t<div class=\"col-md-8\" data-aos=\"fade-in\">\n\t\t\t\t\t\t\t\t\t\t\t\t\t<div class=\"form-container ms-0 ms-md-5\">\n\t\t\t\t\t\t<div class=\"w-100\" data-hs-id=\"67e4fb88-e1fc-42d0-8af5-1d84cca7aae5\" id=\"hs-67e4fb88-e1fc-42d0-8af5-1d84cca7aae5\"><\/div>\t\t\t\t\t<\/div>\n\t\t\t\t\t\t\t\t\t\t\t<\/div>\n\t\t<\/div>\n\t<\/div>\n<\/section>\n","protected":false},"excerpt":{"rendered":"","protected":false},"author":1,"featured_media":0,"parent":1104,"menu_order":0,"comment_status":"closed","ping_status":"closed","template":"","meta":{"_acf_changed":false,"content-type":"","footnotes":""},"class_list":["post-1054","page","type-page","status-publish","hentry"],"acf":[],"yoast_head":"<!-- This site is optimized with the Yoast SEO plugin v23.4 - https:\/\/yoast.com\/wordpress\/plugins\/seo\/ -->\n<title>Ce que vous devez savoir sur votre eau de puits priv\u00e9e | EcoWater<\/title>\n<meta name=\"description\" content=\"EcoWater rend le traitement de l\u2019eau des maisons aliment\u00e9es par puits simple, en proposant un diagnostic et un traitement sur mesure pour garantir que votre domicile dispose de la solution requise.\" \/>\n<meta name=\"robots\" content=\"index, follow, max-snippet:-1, max-image-preview:large, max-video-preview:-1\" \/>\n<link rel=\"canonical\" href=\"https:\/\/newstaging.ecowater.com\/fr\/shopping-guide-fr\/well-water\/\" \/>\n<meta property=\"og:locale\" content=\"fr_FR\" \/>\n<meta property=\"og:type\" content=\"article\" \/>\n<meta property=\"og:title\" content=\"Ce que vous devez savoir sur votre eau de puits priv\u00e9e | EcoWater\" \/>\n<meta property=\"og:description\" content=\"EcoWater rend le traitement de l\u2019eau des maisons aliment\u00e9es par puits simple, en proposant un diagnostic et un traitement sur mesure pour garantir que votre domicile dispose de la solution requise.\" \/>\n<meta property=\"og:url\" content=\"https:\/\/newstaging.ecowater.com\/fr\/shopping-guide-fr\/well-water\/\" \/>\n<meta property=\"og:site_name\" content=\"EcoWater\" \/>\n<meta property=\"article:modified_time\" content=\"2024-02-08T16:21:16+00:00\" \/>\n<meta name=\"twitter:card\" content=\"summary_large_image\" \/>\n<script type=\"application\/ld+json\" class=\"yoast-schema-graph\">{\"@context\":\"https:\/\/schema.org\",\"@graph\":[{\"@type\":\"WebPage\",\"@id\":\"https:\/\/newstaging.ecowater.com\/fr\/shopping-guide-fr\/well-water\/\",\"url\":\"https:\/\/newstaging.ecowater.com\/fr\/shopping-guide-fr\/well-water\/\",\"name\":\"Ce que vous devez savoir sur votre eau de puits priv\u00e9e | EcoWater\",\"isPartOf\":{\"@id\":\"https:\/\/newstaging.ecowater.com\/fr\/#website\"},\"datePublished\":\"2023-11-17T00:16:02+00:00\",\"dateModified\":\"2024-02-08T16:21:16+00:00\",\"description\":\"EcoWater rend le traitement de l\u2019eau des maisons aliment\u00e9es par puits simple, en proposant un diagnostic et un traitement sur mesure pour garantir que votre domicile dispose de la solution requise.\",\"breadcrumb\":{\"@id\":\"https:\/\/newstaging.ecowater.com\/fr\/shopping-guide-fr\/well-water\/#breadcrumb\"},\"inLanguage\":\"fr-FR\",\"potentialAction\":[{\"@type\":\"ReadAction\",\"target\":[\"https:\/\/newstaging.ecowater.com\/fr\/shopping-guide-fr\/well-water\/\"]}]},{\"@type\":\"BreadcrumbList\",\"@id\":\"https:\/\/newstaging.ecowater.com\/fr\/shopping-guide-fr\/well-water\/#breadcrumb\",\"itemListElement\":[{\"@type\":\"ListItem\",\"position\":1,\"name\":\"Home\",\"item\":\"https:\/\/newstaging.ecowater.com\/fr\/\"},{\"@type\":\"ListItem\",\"position\":2,\"name\":\"Guide d&#8217;achat\",\"item\":\"https:\/\/newstaging.ecowater.com\/fr\/shopping-guide-fr\/\"},{\"@type\":\"ListItem\",\"position\":3,\"name\":\"Eau de puits\"}]},{\"@type\":\"WebSite\",\"@id\":\"https:\/\/newstaging.ecowater.com\/fr\/#website\",\"url\":\"https:\/\/newstaging.ecowater.com\/fr\/\",\"name\":\"EcoWater\",\"description\":\"\",\"publisher\":{\"@id\":\"https:\/\/newstaging.ecowater.com\/fr\/#organization\"},\"potentialAction\":[{\"@type\":\"SearchAction\",\"target\":{\"@type\":\"EntryPoint\",\"urlTemplate\":\"https:\/\/newstaging.ecowater.com\/fr\/?s={search_term_string}\"},\"query-input\":{\"@type\":\"PropertyValueSpecification\",\"valueRequired\":true,\"valueName\":\"search_term_string\"}}],\"inLanguage\":\"fr-FR\"},{\"@type\":\"Organization\",\"@id\":\"https:\/\/newstaging.ecowater.com\/fr\/#organization\",\"name\":\"EcoWater\",\"url\":\"https:\/\/newstaging.ecowater.com\/fr\/\",\"logo\":{\"@type\":\"ImageObject\",\"inLanguage\":\"fr-FR\",\"@id\":\"https:\/\/newstaging.ecowater.com\/fr\/#\/schema\/logo\/image\/\",\"url\":\"https:\/\/newstaging.ecowater.com\/wp-content\/uploads\/2023\/10\/EcoWater-Logo.svg\",\"contentUrl\":\"https:\/\/newstaging.ecowater.com\/wp-content\/uploads\/2023\/10\/EcoWater-Logo.svg\",\"caption\":\"EcoWater\"},\"image\":{\"@id\":\"https:\/\/newstaging.ecowater.com\/fr\/#\/schema\/logo\/image\/\"}}]}<\/script>\n<!-- \/ Yoast SEO plugin. -->","yoast_head_json":{"title":"Ce que vous devez savoir sur votre eau de puits priv\u00e9e | EcoWater","description":"EcoWater rend le traitement de l\u2019eau des maisons aliment\u00e9es par puits simple, en proposant un diagnostic et un traitement sur mesure pour garantir que votre domicile dispose de la solution requise.","robots":{"index":"index","follow":"follow","max-snippet":"max-snippet:-1","max-image-preview":"max-image-preview:large","max-video-preview":"max-video-preview:-1"},"canonical":"https:\/\/newstaging.ecowater.com\/fr\/shopping-guide-fr\/well-water\/","og_locale":"fr_FR","og_type":"article","og_title":"Ce que vous devez savoir sur votre eau de puits priv\u00e9e | EcoWater","og_description":"EcoWater rend le traitement de l\u2019eau des maisons aliment\u00e9es par puits simple, en proposant un diagnostic et un traitement sur mesure pour garantir que votre domicile dispose de la solution requise.","og_url":"https:\/\/newstaging.ecowater.com\/fr\/shopping-guide-fr\/well-water\/","og_site_name":"EcoWater","article_modified_time":"2024-02-08T16:21:16+00:00","twitter_card":"summary_large_image","schema":{"@context":"https:\/\/schema.org","@graph":[{"@type":"WebPage","@id":"https:\/\/newstaging.ecowater.com\/fr\/shopping-guide-fr\/well-water\/","url":"https:\/\/newstaging.ecowater.com\/fr\/shopping-guide-fr\/well-water\/","name":"Ce que vous devez savoir sur votre eau de puits priv\u00e9e | EcoWater","isPartOf":{"@id":"https:\/\/newstaging.ecowater.com\/fr\/#website"},"datePublished":"2023-11-17T00:16:02+00:00","dateModified":"2024-02-08T16:21:16+00:00","description":"EcoWater rend le traitement de l\u2019eau des maisons aliment\u00e9es par puits simple, en proposant un diagnostic et un traitement sur mesure pour garantir que votre domicile dispose de la solution requise.","breadcrumb":{"@id":"https:\/\/newstaging.ecowater.com\/fr\/shopping-guide-fr\/well-water\/#breadcrumb"},"inLanguage":"fr-FR","potentialAction":[{"@type":"ReadAction","target":["https:\/\/newstaging.ecowater.com\/fr\/shopping-guide-fr\/well-water\/"]}]},{"@type":"BreadcrumbList","@id":"https:\/\/newstaging.ecowater.com\/fr\/shopping-guide-fr\/well-water\/#breadcrumb","itemListElement":[{"@type":"ListItem","position":1,"name":"Home","item":"https:\/\/newstaging.ecowater.com\/fr\/"},{"@type":"ListItem","position":2,"name":"Guide d&#8217;achat","item":"https:\/\/newstaging.ecowater.com\/fr\/shopping-guide-fr\/"},{"@type":"ListItem","position":3,"name":"Eau de puits"}]},{"@type":"WebSite","@id":"https:\/\/newstaging.ecowater.com\/fr\/#website","url":"https:\/\/newstaging.ecowater.com\/fr\/","name":"EcoWater","description":"","publisher":{"@id":"https:\/\/newstaging.ecowater.com\/fr\/#organization"},"potentialAction":[{"@type":"SearchAction","target":{"@type":"EntryPoint","urlTemplate":"https:\/\/newstaging.ecowater.com\/fr\/?s={search_term_string}"},"query-input":{"@type":"PropertyValueSpecification","valueRequired":true,"valueName":"search_term_string"}}],"inLanguage":"fr-FR"},{"@type":"Organization","@id":"https:\/\/newstaging.ecowater.com\/fr\/#organization","name":"EcoWater","url":"https:\/\/newstaging.ecowater.com\/fr\/","logo":{"@type":"ImageObject","inLanguage":"fr-FR","@id":"https:\/\/newstaging.ecowater.com\/fr\/#\/schema\/logo\/image\/","url":"https:\/\/newstaging.ecowater.com\/wp-content\/uploads\/2023\/10\/EcoWater-Logo.svg","contentUrl":"https:\/\/newstaging.ecowater.com\/wp-content\/uploads\/2023\/10\/EcoWater-Logo.svg","caption":"EcoWater"},"image":{"@id":"https:\/\/newstaging.ecowater.com\/fr\/#\/schema\/logo\/image\/"}}]}},"_links":{"self":[{"href":"https:\/\/newstaging.ecowater.com\/fr\/wp-json\/wp\/v2\/pages\/1054","targetHints":{"allow":["GET"]}}],"collection":[{"href":"https:\/\/newstaging.ecowater.com\/fr\/wp-json\/wp\/v2\/pages"}],"about":[{"href":"https:\/\/newstaging.ecowater.com\/fr\/wp-json\/wp\/v2\/types\/page"}],"author":[{"embeddable":true,"href":"https:\/\/newstaging.ecowater.com\/fr\/wp-json\/wp\/v2\/users\/1"}],"replies":[{"embeddable":true,"href":"https:\/\/newstaging.ecowater.com\/fr\/wp-json\/wp\/v2\/comments?post=1054"}],"version-history":[{"count":36,"href":"https:\/\/newstaging.ecowater.com\/fr\/wp-json\/wp\/v2\/pages\/1054\/revisions"}],"predecessor-version":[{"id":5450,"href":"https:\/\/newstaging.ecowater.com\/fr\/wp-json\/wp\/v2\/pages\/1054\/revisions\/5450"}],"up":[{"embeddable":true,"href":"https:\/\/newstaging.ecowater.com\/fr\/wp-json\/wp\/v2\/pages\/1104"}],"wp:attachment":[{"href":"https:\/\/newstaging.ecowater.com\/fr\/wp-json\/wp\/v2\/media?parent=1054"}],"curies":[{"name":"wp","href":"https:\/\/api.w.org\/{rel}","templated":true}]}}