{"id":1142,"date":"2023-12-13T21:38:01","date_gmt":"2023-12-13T21:38:01","guid":{"rendered":"https:\/\/newstaging.ecowater.com\/terms-and-conditions-of-use\/"},"modified":"2024-02-01T14:21:06","modified_gmt":"2024-02-01T14:21:06","slug":"terms-and-conditions-of-use","status":"publish","type":"page","link":"https:\/\/newstaging.ecowater.com\/fr\/terms-and-conditions-of-use\/","title":{"rendered":"Conditions d\u2019utilisation"},"content":{"rendered":"\n<section class=\"plain-text\">\n\t\t<div class=\"container-lg\">\n\t\t<div class=\"row\">\n\t\t\t<div class=\"col-12\" data-aos=\"fade-in\">\n\t\t\t\t<h1>EcoWater Systems LLC<\/h1>\n<h2>Conditions d\u2019utilisation<\/h2>\n<p>Date d\u2019entr\u00e9e en vigueur : 4 mai 2021<br \/>\nDerni\u00e8re modification : 4 mai 2021<\/p>\n<p>Les pr\u00e9sentes conditions d\u2019utilisation r\u00e9gissent votre usage de notre site Web EcoWater.com et de toute application mobile EcoWater, y compris l\u2019application mobile EcoWater Systems (l\u2019\u00ab application \u00bb, disponible tant sur iPhone que sur Android). L\u2019application et le site Web (collectivement, les \u00ab services \u00bb) sont des services d\u2019EcoWater Systems LLC, une soci\u00e9t\u00e9 \u00e0 responsabilit\u00e9 limit\u00e9e du Delaware (\u00ab EcoWater \u00bb, \u00ab nous \u00bb, \u00ab notre \u00bb ou \u00ab nos \u00bb) et sont \u00e9galement applicables aux autres filiales d\u2019EcoWater comme cela est d\u00e9fini \u00e0 la fin de ce document. Les pr\u00e9sentes conditions d\u2019utilisation d\u2019EcoWater Systems LLC et toute autre condition ou politique additionnelle que nous affichons occasionnellement, incluant notre <a href=\"https:\/\/newstaging.ecowater.com\/fr\/privacy-policy\/\">politique de confidentialit\u00e9<\/a> (collectivement, les \u00ab conditions d\u2019utilisation \u00bb) \u00e9tablissent les conditions dans lesquelles vous (\u00ab vous \u00bb, \u00ab votre \u00bb ou le \u00ab client \u00bb) pouvez utiliser les services et tout contenu ou toute fonction accessibles, y compris la possibilit\u00e9 de consulter en ligne des rapports et de recevoir des alertes sur l\u2019\u00e9tat des adoucisseurs d\u2019eau, des filtres \u00e0 eau ou autres produits (les \u00ab produits \u00bb) ayant une connexion Wi-Fi ou Bluetooth.<\/p>\n<p>Veuillez lire attentivement les pr\u00e9sentes conditions d\u2019utilisation avant d\u2019utiliser le service. En visitant, installant, t\u00e9l\u00e9chargeant, utilisant les services ou en vous y abonnant et en y acc\u00e9dant, vous acceptez les pratiques d\u00e9crites dans les pr\u00e9sentes conditions d\u2019utilisation et vous convenez d\u2019\u00eatre li\u00e9 par celles-ci. Si vous n\u2019acceptez pas les pr\u00e9sentes conditions d\u2019utilisation, vous n\u2019\u00eates pas autoris\u00e9 \u00e0 utiliser les services.<\/p>\n<p>Vous d\u00e9clarez et garantissez que vous \u00eates \u00e2g\u00e9 de 18 ans ou plus, que vous avez le droit et l\u2019autorit\u00e9 n\u00e9cessaire pour conclure cet accord et respecter ces conditions que vous \u00eates pleinement capable et comp\u00e9tent pour respecter les conditions et obligations stipul\u00e9es aux pr\u00e9sentes, et que votre utilisation des services est et sera conforme \u00e0 toutes les lois applicables. Vous d\u00e9clarez avoir lu, compris, accept\u00e9 les pr\u00e9sentes conditions et vous engagez \u00e0 les respecter.<\/p>\n<ol>\n<li><strong>Modifications des conditions d\u2019utilisation.<\/strong> EcoWater se r\u00e9serve le droit de modifier les pr\u00e9sentes conditions d\u2019utilisation, \u00e0 tout moment et de temps \u00e0 autre sans pr\u00e9avis. Une telle modification prendra effet d\u00e8s sa publication par l\u2019entremise des services. Si EcoWater modifie les pr\u00e9sentes conditions d\u2019utilisation, nous r\u00e9viserons \u00e9galement la date de \u00ab derni\u00e8re mise \u00e0 jour \u00bb au haut de cette page. La responsabilit\u00e9 vous incombe de prendre connaissance de toute condition d\u2019utilisation r\u00e9vis\u00e9e. Dans l\u2019\u00e9ventualit\u00e9 o\u00f9 vous trouveriez toute r\u00e9vision ult\u00e9rieure des pr\u00e9sentes conditions d\u2019utilisation inacceptable, vous devez cesser imm\u00e9diatement d\u2019utiliser le site et les services. Votre visite ou utilisation du site ou des services apr\u00e8s qu\u2019EcoWater affiche toute modification aux conditions d\u2019utilisation constitue votre acceptation des conditions r\u00e9vis\u00e9es sans aucune objection.<\/li>\n<li><strong>R\u00e9siliation\/Suspension de l\u2019application ou du service.<\/strong> EcoWater peut, \u00e0 sa seule et absolue discr\u00e9tion, interrompre les services ou mettre fin ou suspendre votre utilisation ou l\u2019utilisation g\u00e9n\u00e9rale des services, ou de toute partie de ceux-ci, \u00e0 tout moment, avec ou sans pr\u00e9avis et pour toute raison, y compris pour des motifs de refus de service, de d\u00e9faillance du syst\u00e8me, de maintenance ou de r\u00e9paration, ou en raison de circonstances ind\u00e9pendantes de notre volont\u00e9 raisonnable. Vous acceptez que si votre autorisation d\u2019utiliser les services est r\u00e9sili\u00e9e ou suspendue, vous ne les utiliserez pas, ni n\u2019essayerez de les utiliser, directement ou indirectement, par la suite.<\/li>\n<li><strong>Produits.<\/strong> EcoWater d\u00e9cline toute responsabilit\u00e9 pour l\u2019exactitude des services et ces conditions d\u2019utilisation ne vous procurent aucun droit suppl\u00e9mentaire de la part d\u2019EcoWater en lien avec les produits. Si vous achetez des produits, nos conditions d\u2019utilisation s\u2019appliqueront aux ventes.<\/li>\n<li><strong>Frais.<\/strong> EcoWater se r\u00e9serve le droit d\u2019imposer ou de modifier les frais d\u2019acc\u00e8s aux services, \u00e0 tout moment et de mani\u00e8re occasionnelle.<\/li>\n<li><strong>Conditions pr\u00e9alables.<\/strong> Pour utiliser certaines fonctions sp\u00e9cifiques dans l\u2019application, vous devrez : (i) acheter et installer correctement le produit; (ii) disposer d\u2019une connexion Internet haut d\u00e9bit sans fil toujours active entre le produit et un appareil mobile connect\u00e9, qui peut \u00eatre utilis\u00e9e pour fournir une partie limit\u00e9e des informations disponibles par l\u2019entremise d\u2019une connexion Wi-Fi enti\u00e8rement connect\u00e9e; et (iii) avoir acc\u00e8s \u00e0 l\u2019application mobile d\u2019EcoWater pour installer, configurer et utiliser certaines fonctions, y compris la capacit\u00e9 d\u2019afficher des rapports en ligne et de recevoir des alertes de l\u2019application.<\/li>\n<li><strong>Enregistrement.<\/strong> Pour acc\u00e9der \u00e0 certaines fonctions propos\u00e9es par les services, il se peut que vous deviez vous inscrire en ligne. Vous devrez alors fournir un nom d\u2019utilisateur (votre adresse de courrier \u00e9lectronique) et un mot de passe. Vous ne pouvez vous inscrire qu\u2019une seule fois avec EcoWater. Vous pouvez \u00e9galement enregistrer d\u2019autres adresses de courrier \u00e9lectronique sous votre compte lors de la configuration ou ult\u00e9rieurement en acc\u00e9dant au menu de configuration. Vous acceptez de prot\u00e9ger, entre autres, votre nom d\u2019utilisateur et votre mot de passe en les maintenant confidentiels. Si, nonobstant l\u2019obligation pr\u00e9c\u00e9dente, vous laissez quelqu\u2019un acc\u00e9der \u00e0 votre compte, vous serez responsable d\u2019une telle utilisation. Nous avons le droit de d\u00e9sactiver tout code d\u2019identification utilisateur ou mot de passe, qu\u2019il soit choisi par vous ou attribu\u00e9 par nous, \u00e0 tout moment, si, selon notre opinion raisonnable, vous n\u2019avez pas respect\u00e9 l\u2019une des dispositions des pr\u00e9sentes conditions d\u2019utilisation.<\/li>\n<li><strong>Utilisation non autoris\u00e9e.<\/strong> Vous acceptez de (a) aviser imm\u00e9diatement EcoWater, en utilisant les num\u00e9ros d\u2019acc\u00e8s nationaux et les adresses de courrier \u00e9lectronique fournies ci-dessous, de toute utilisation non autoris\u00e9e de votre mot de passe ou de toute autre violation de la s\u00e9curit\u00e9; et (b) de vous assurer de vous d\u00e9connecter de votre compte \u00e0 la fin de chaque session.<\/li>\n<li><strong>Modifications apport\u00e9es aux services.<\/strong> Nous pouvons mettre \u00e0 jour et modifier les services de mani\u00e8re occasionnelle pour refl\u00e9ter les changements apport\u00e9s \u00e0 nos produits, les besoins de nos utilisateurs et nos priorit\u00e9s commerciales.<\/li>\n<li><strong>Accessibilit\u00e9 des services.<\/strong> Nous ne garantissons pas que les services, ou tout contenu fourni sur les services, seront toujours accessibles ou ininterrompus. Nous pouvons suspendre, retirer ou restreindre l\u2019accessibilit\u00e9 \u00e0 tous nos services ou \u00e0 une partie de ceux-ci pour des raisons commerciales et op\u00e9rationnelles, avec ou sans pr\u00e9avis.<\/li>\n<li><strong>Contenu des services.<\/strong> Le contenu accessible sur les services est uniquement fourni \u00e0 des fins d\u2019information g\u00e9n\u00e9rale. Il ne doit pas \u00eatre consid\u00e9r\u00e9 comme un conseil sur lequel vous pouvez vous baser. Vous devez obtenir des conseils professionnels ou sp\u00e9cialis\u00e9s avant de prendre, ou de vous abstenir de prendre, une quelconque action sur la base du contenu des services. Bien que nous fassions des efforts raisonnables pour mettre \u00e0 jour les informations sur les services, nous ne faisons aucune d\u00e9claration, garantie ou promesse, expresse ou implicite, quant \u00e0 l\u2019exactitude, \u00e0 l\u2019exhaustivit\u00e9 ou \u00e0 l\u2019actualit\u00e9 du contenu des services.<\/li>\n<li><strong>Capacit\u00e9 \u00e0 recevoir des notifications.<\/strong> Votre capacit\u00e9 d\u2019utiliser le service et de recevoir des avis d\u00e9pend de vos divers appareils et fournisseurs de service. EcoWater ne peut pas fournir et ne fournit aucune garantie quant \u00e0 l\u2019accessibilit\u00e9 ou la s\u00e9curit\u00e9 des services. Nous ne pouvons pas fournir et ne fournissons aucune garantie sur la capacit\u00e9 \u00e0 recevoir les notifications qui vous sont envoy\u00e9es par les services. Vous devez essayer les services pour en v\u00e9rifier la compatibilit\u00e9.<\/li>\n<li><strong>S\u00e9curit\u00e9.<\/strong> Vous reconnaissez que vous \u00eates seul responsable de prot\u00e9ger votre ordinateur, vos logiciels et vos donn\u00e9es des acc\u00e8s non autoris\u00e9s, virus, logiciels espions et tous autres types de codes malveillants. La responsabilit\u00e9 vous incombe \u00e9galement de prot\u00e9ger votre nom d\u2019utilisateur et votre mot de passe contre l\u2019acc\u00e8s par toute partie non autoris\u00e9e, et vous assumez l\u2019enti\u00e8re responsabilit\u00e9 de tout dommage ou toute perte r\u00e9sultant d\u2019un tel acc\u00e8s non autoris\u00e9.<\/li>\n<li><strong>Limite de responsabilit\u00e9.<\/strong> Vous reconnaissez express\u00e9ment et acceptez que votre utilisation et votre acc\u00e8s aux services sont \u00e0 vos propres risques. Dans toutes les limites permises par la loi, l\u2019application (y compris, mais sans s\u2019y limiter, les services) vous est fournie \u00ab TEL QUELLE \u00bb et \u00ab TELLE QUE DISPONIBLE \u00bb.\n<ul>\n<li>Nous n\u2019excluons ni ne limitons en aucune mani\u00e8re notre responsabilit\u00e9 envers vous dans les cas o\u00f9 il serait ill\u00e9gal de le faire. Cela englobe notre responsabilit\u00e9 en cas de d\u00e9c\u00e8s ou de dommages corporels r\u00e9sultant de notre n\u00e9gligence ou de celle de nos employ\u00e9s, agents ou sous-traitants, ainsi que de toute fraude ou d\u00e9claration intentionnellement trompeuse. AUCUNE DISPOSITION DES PR\u00c9SENTES CONDITIONS D\u2019UTILISATION NE SAURAIT RESTREINDRE VOS DROITS ET RECOURS L\u00c9GAUX STATUTAIRES EN QUALIT\u00c9 DE CONSOMMATEUR.<\/li>\n<li>Des limites et exclusions de responsabilit\u00e9 distinctes s\u2019appliqueront aux responsabilit\u00e9s d\u00e9coulant de la fourniture de tout produit \u00e0 vous, comme sp\u00e9cifi\u00e9 dans nos conditions de vente.<\/li>\n<li>Vous acceptez qu\u2019EcoWater, ses filiales et affili\u00e9s ne soient pas responsables envers vous pour toute perte de profit, perte d\u2019activit\u00e9 commerciale, interruption d\u2019activit\u00e9 ou perte d\u2019occasion commerciale si le service est utilis\u00e9 \u00e0 des fins commerciale ou industrielle.<\/li>\n<\/ul>\n<\/li>\n<li><strong>Lien vers d\u2019autres sites.<\/strong> Les services peuvent contenir des liens vers d\u2019autres sites Web pour votre commodit\u00e9 et votre information. Ces sites Web peuvent \u00eatre g\u00e9r\u00e9s par des entreprises non affili\u00e9es avec nous. Les sites Web reli\u00e9s, y compris ceux g\u00e9r\u00e9s par EcoWater, peuvent avoir leurs propres politiques d\u2019utilisation et de confidentialit\u00e9, que vous devriez consulter si vous les visitez. Nous ne sommes pas responsables des sites Web qui nous ne nous appartiennent pas, de leur utilisation ni de leurs pratiques en mati\u00e8re de confidentialit\u00e9.<\/li>\n<li><strong>Juridiction et loi applicable.<\/strong> Les pr\u00e9sentes conditions d\u2019utilisation seront r\u00e9gies et interpr\u00e9t\u00e9es conform\u00e9ment aux lois de l\u2019\u00c9tat du Minnesota. Vous acceptez que la juridiction non exclusive soit celle du tribunal f\u00e9d\u00e9ral ou d\u2019\u00c9tat \u00e0 Woodbury, MN.<\/li>\n<\/ol>\n<h3>Nous contacter.<\/h3>\n<p>Si vous avez des questions concernant les pr\u00e9sentes conditions d\u2019utilisation, veuillez nous contacter aux adresses de courrier \u00e9lectronique et num\u00e9ros de t\u00e9l\u00e9phone indiqu\u00e9s ci-dessous.<\/p>\n<p>EcoWater LLC<br \/>\n1890 Woodlane Drive<br \/>\nWoodbury, MN 55125<br \/>\n\u00c9tats-Unis<br \/>\n<a href=\"tel:+800-722-0476\">+1 (800) 722-0476<\/a><br \/>\n<a href=\"mailto:privacy@ecowater.com\">privacy@ecowater.com<\/a><\/p>\n\t\t\t<\/div>\n\t\t<\/div>\n\t<\/div>\n<\/section>\n","protected":false},"excerpt":{"rendered":"","protected":false},"author":1,"featured_media":0,"parent":0,"menu_order":0,"comment_status":"closed","ping_status":"closed","template":"","meta":{"_acf_changed":false,"content-type":"","footnotes":""},"class_list":["post-1142","page","type-page","status-publish","hentry"],"acf":[],"yoast_head":"<!-- This site is optimized with the Yoast SEO plugin v23.4 - https:\/\/yoast.com\/wordpress\/plugins\/seo\/ -->\n<title>Conditions d\u2019utilisation | EcoWater<\/title>\n<meta name=\"description\" content=\"Lisez nos Conditions g\u00e9n\u00e9rales avant d&#039;utiliser le site web ou les applications mobiles d&#039;EcoWater. Si vous n&#039;\u00eates pas d&#039;accord avec les conditions, n&#039;utilisez pas les services.\" \/>\n<meta name=\"robots\" content=\"index, follow, max-snippet:-1, max-image-preview:large, max-video-preview:-1\" \/>\n<link rel=\"canonical\" href=\"https:\/\/newstaging.ecowater.com\/fr\/terms-and-conditions-of-use\/\" \/>\n<meta property=\"og:locale\" content=\"fr_FR\" \/>\n<meta property=\"og:type\" content=\"article\" \/>\n<meta property=\"og:title\" content=\"Conditions d\u2019utilisation | EcoWater\" \/>\n<meta property=\"og:description\" content=\"Lisez nos Conditions g\u00e9n\u00e9rales avant d&#039;utiliser le site web ou les applications mobiles d&#039;EcoWater. Si vous n&#039;\u00eates pas d&#039;accord avec les conditions, n&#039;utilisez pas les services.\" \/>\n<meta property=\"og:url\" content=\"https:\/\/newstaging.ecowater.com\/fr\/terms-and-conditions-of-use\/\" \/>\n<meta property=\"og:site_name\" content=\"EcoWater\" \/>\n<meta property=\"article:modified_time\" content=\"2024-02-01T14:21:06+00:00\" \/>\n<meta name=\"twitter:card\" content=\"summary_large_image\" \/>\n<script type=\"application\/ld+json\" class=\"yoast-schema-graph\">{\"@context\":\"https:\/\/schema.org\",\"@graph\":[{\"@type\":\"WebPage\",\"@id\":\"https:\/\/newstaging.ecowater.com\/fr\/terms-and-conditions-of-use\/\",\"url\":\"https:\/\/newstaging.ecowater.com\/fr\/terms-and-conditions-of-use\/\",\"name\":\"Conditions d\u2019utilisation | EcoWater\",\"isPartOf\":{\"@id\":\"https:\/\/newstaging.ecowater.com\/fr\/#website\"},\"datePublished\":\"2023-12-13T21:38:01+00:00\",\"dateModified\":\"2024-02-01T14:21:06+00:00\",\"description\":\"Lisez nos Conditions g\u00e9n\u00e9rales avant d'utiliser le site web ou les applications mobiles d'EcoWater. Si vous n'\u00eates pas d'accord avec les conditions, n'utilisez pas les services.\",\"breadcrumb\":{\"@id\":\"https:\/\/newstaging.ecowater.com\/fr\/terms-and-conditions-of-use\/#breadcrumb\"},\"inLanguage\":\"fr-FR\",\"potentialAction\":[{\"@type\":\"ReadAction\",\"target\":[\"https:\/\/newstaging.ecowater.com\/fr\/terms-and-conditions-of-use\/\"]}]},{\"@type\":\"BreadcrumbList\",\"@id\":\"https:\/\/newstaging.ecowater.com\/fr\/terms-and-conditions-of-use\/#breadcrumb\",\"itemListElement\":[{\"@type\":\"ListItem\",\"position\":1,\"name\":\"Home\",\"item\":\"https:\/\/newstaging.ecowater.com\/fr\/\"},{\"@type\":\"ListItem\",\"position\":2,\"name\":\"Conditions d\u2019utilisation\"}]},{\"@type\":\"WebSite\",\"@id\":\"https:\/\/newstaging.ecowater.com\/fr\/#website\",\"url\":\"https:\/\/newstaging.ecowater.com\/fr\/\",\"name\":\"EcoWater\",\"description\":\"\",\"publisher\":{\"@id\":\"https:\/\/newstaging.ecowater.com\/fr\/#organization\"},\"potentialAction\":[{\"@type\":\"SearchAction\",\"target\":{\"@type\":\"EntryPoint\",\"urlTemplate\":\"https:\/\/newstaging.ecowater.com\/fr\/?s={search_term_string}\"},\"query-input\":{\"@type\":\"PropertyValueSpecification\",\"valueRequired\":true,\"valueName\":\"search_term_string\"}}],\"inLanguage\":\"fr-FR\"},{\"@type\":\"Organization\",\"@id\":\"https:\/\/newstaging.ecowater.com\/fr\/#organization\",\"name\":\"EcoWater\",\"url\":\"https:\/\/newstaging.ecowater.com\/fr\/\",\"logo\":{\"@type\":\"ImageObject\",\"inLanguage\":\"fr-FR\",\"@id\":\"https:\/\/newstaging.ecowater.com\/fr\/#\/schema\/logo\/image\/\",\"url\":\"https:\/\/newstaging.ecowater.com\/wp-content\/uploads\/2023\/10\/EcoWater-Logo.svg\",\"contentUrl\":\"https:\/\/newstaging.ecowater.com\/wp-content\/uploads\/2023\/10\/EcoWater-Logo.svg\",\"caption\":\"EcoWater\"},\"image\":{\"@id\":\"https:\/\/newstaging.ecowater.com\/fr\/#\/schema\/logo\/image\/\"}}]}<\/script>\n<!-- \/ Yoast SEO plugin. -->","yoast_head_json":{"title":"Conditions d\u2019utilisation | EcoWater","description":"Lisez nos Conditions g\u00e9n\u00e9rales avant d'utiliser le site web ou les applications mobiles d'EcoWater. Si vous n'\u00eates pas d'accord avec les conditions, n'utilisez pas les services.","robots":{"index":"index","follow":"follow","max-snippet":"max-snippet:-1","max-image-preview":"max-image-preview:large","max-video-preview":"max-video-preview:-1"},"canonical":"https:\/\/newstaging.ecowater.com\/fr\/terms-and-conditions-of-use\/","og_locale":"fr_FR","og_type":"article","og_title":"Conditions d\u2019utilisation | EcoWater","og_description":"Lisez nos Conditions g\u00e9n\u00e9rales avant d'utiliser le site web ou les applications mobiles d'EcoWater. Si vous n'\u00eates pas d'accord avec les conditions, n'utilisez pas les services.","og_url":"https:\/\/newstaging.ecowater.com\/fr\/terms-and-conditions-of-use\/","og_site_name":"EcoWater","article_modified_time":"2024-02-01T14:21:06+00:00","twitter_card":"summary_large_image","schema":{"@context":"https:\/\/schema.org","@graph":[{"@type":"WebPage","@id":"https:\/\/newstaging.ecowater.com\/fr\/terms-and-conditions-of-use\/","url":"https:\/\/newstaging.ecowater.com\/fr\/terms-and-conditions-of-use\/","name":"Conditions d\u2019utilisation | EcoWater","isPartOf":{"@id":"https:\/\/newstaging.ecowater.com\/fr\/#website"},"datePublished":"2023-12-13T21:38:01+00:00","dateModified":"2024-02-01T14:21:06+00:00","description":"Lisez nos Conditions g\u00e9n\u00e9rales avant d'utiliser le site web ou les applications mobiles d'EcoWater. Si vous n'\u00eates pas d'accord avec les conditions, n'utilisez pas les services.","breadcrumb":{"@id":"https:\/\/newstaging.ecowater.com\/fr\/terms-and-conditions-of-use\/#breadcrumb"},"inLanguage":"fr-FR","potentialAction":[{"@type":"ReadAction","target":["https:\/\/newstaging.ecowater.com\/fr\/terms-and-conditions-of-use\/"]}]},{"@type":"BreadcrumbList","@id":"https:\/\/newstaging.ecowater.com\/fr\/terms-and-conditions-of-use\/#breadcrumb","itemListElement":[{"@type":"ListItem","position":1,"name":"Home","item":"https:\/\/newstaging.ecowater.com\/fr\/"},{"@type":"ListItem","position":2,"name":"Conditions d\u2019utilisation"}]},{"@type":"WebSite","@id":"https:\/\/newstaging.ecowater.com\/fr\/#website","url":"https:\/\/newstaging.ecowater.com\/fr\/","name":"EcoWater","description":"","publisher":{"@id":"https:\/\/newstaging.ecowater.com\/fr\/#organization"},"potentialAction":[{"@type":"SearchAction","target":{"@type":"EntryPoint","urlTemplate":"https:\/\/newstaging.ecowater.com\/fr\/?s={search_term_string}"},"query-input":{"@type":"PropertyValueSpecification","valueRequired":true,"valueName":"search_term_string"}}],"inLanguage":"fr-FR"},{"@type":"Organization","@id":"https:\/\/newstaging.ecowater.com\/fr\/#organization","name":"EcoWater","url":"https:\/\/newstaging.ecowater.com\/fr\/","logo":{"@type":"ImageObject","inLanguage":"fr-FR","@id":"https:\/\/newstaging.ecowater.com\/fr\/#\/schema\/logo\/image\/","url":"https:\/\/newstaging.ecowater.com\/wp-content\/uploads\/2023\/10\/EcoWater-Logo.svg","contentUrl":"https:\/\/newstaging.ecowater.com\/wp-content\/uploads\/2023\/10\/EcoWater-Logo.svg","caption":"EcoWater"},"image":{"@id":"https:\/\/newstaging.ecowater.com\/fr\/#\/schema\/logo\/image\/"}}]}},"_links":{"self":[{"href":"https:\/\/newstaging.ecowater.com\/fr\/wp-json\/wp\/v2\/pages\/1142","targetHints":{"allow":["GET"]}}],"collection":[{"href":"https:\/\/newstaging.ecowater.com\/fr\/wp-json\/wp\/v2\/pages"}],"about":[{"href":"https:\/\/newstaging.ecowater.com\/fr\/wp-json\/wp\/v2\/types\/page"}],"author":[{"embeddable":true,"href":"https:\/\/newstaging.ecowater.com\/fr\/wp-json\/wp\/v2\/users\/1"}],"replies":[{"embeddable":true,"href":"https:\/\/newstaging.ecowater.com\/fr\/wp-json\/wp\/v2\/comments?post=1142"}],"version-history":[{"count":12,"href":"https:\/\/newstaging.ecowater.com\/fr\/wp-json\/wp\/v2\/pages\/1142\/revisions"}],"predecessor-version":[{"id":4788,"href":"https:\/\/newstaging.ecowater.com\/fr\/wp-json\/wp\/v2\/pages\/1142\/revisions\/4788"}],"wp:attachment":[{"href":"https:\/\/newstaging.ecowater.com\/fr\/wp-json\/wp\/v2\/media?parent=1142"}],"curies":[{"name":"wp","href":"https:\/\/api.w.org\/{rel}","templated":true}]}}